{"id":856,"date":"2025-09-08T10:32:25","date_gmt":"2025-09-08T08:32:25","guid":{"rendered":"https:\/\/eugenio-campo.ddev.site\/cookie-policy\/"},"modified":"2025-09-19T12:50:10","modified_gmt":"2025-09-19T10:50:10","slug":"cookie-policy","status":"publish","type":"page","link":"https:\/\/eugeniocampo.it\/en\/cookie-policy\/","title":{"rendered":"Cookie Policy"},"content":{"rendered":"\n<p>0. COSA SONO I COOKIE<\/p>\n\n\n\n<p>Il sito eugeniocampo.it utilizza i cookie per rendere i propri servizi semplici ed efficienti per l\u2019utenza che ne visiona le pagine. I cookie sono piccoli file di testo che i siti visitati dagli utenti inviano ai loro terminali, dove vengono memorizzati per essere ritrasmessi agli stessi siti in occasione di visite successive. I cookie sono utilizzati per diverse finalit\u00e0, hanno caratteristiche diverse, e possono essere utilizzati sia dal titolare del sito che si sta visitando, sia da terze parti. Esistono vari tipi di cookie, a seconda delle loro caratteristiche e funzioni.<\/p>\n\n\n\n<p>1. COOKIE TECNICI<\/p>\n\n\n\n<p>Questa tipologia di cookie permette il corretto funzionamento di alcune sezioni del sito. I cookie tecnici sono di due categorie:<br>\u2022 persistenti: una volta chiuso il browser non vengono distrutti ma rimangono fino ad una data di scadenza preimpostata;<br>\u2022 di sessione: vengono distrutti ogni volta che il browser viene chiuso.<br><br>Questi cookie sono necessari per visualizzare correttamente il sito e in relazione ai servizi tecnici offerti, verranno quindi sempre utilizzati e inviati, a meno che l\u2019utenza non modifichi le impostazioni nel proprio browser. Tali cookie non richiedono un consenso esplicito per il loro utilizzo. Sono considerati cookie tecnici anche:<br>\u2022 i \u201ccookie analytics\u201d nel caso vengano utilizzati direttamente dal gestore del sito per raccogliere informazioni in forma aggregata, sul numero di utenti e su come questi visitano il sito;<br>\u2022 i cookie di navigazione o di sessione (necessari per l\u2019autenticazione);<br>\u2022 i cookie di funzionalit\u00e0 che migliorano l\u2019esperienza di navigazione dell\u2019utente.<\/p>\n\n\n\n<p>2. COOKIE DI PROFILAZIONE<\/p>\n\n\n\n<p>Questa tipologia di cookie \u00e8 volta a creare profili relativi all&#8217;utente e utilizzati al fine di inviare messaggi pubblicitari in linea con le preferenze manifestate dallo stesso nell&#8217;ambito della navigazione in rete. In questo caso, \u00e8 richiesto un preventivo consenso dell&#8217;utente.<\/p>\n\n\n\n<p>3. COOKIE UTILIZZATI DAL SITO<\/p>\n\n\n\n<p>Questo sito utilizza sia cookie tecnici che di profilazione di terze parti. Qui l\u2019elenco dei cookie di terze parti con i relativi link alle informazioni:<br><br>a)Google: https:\/\/www.google.com\/policies\/privacy\/partners\/ utilizza cookies analytics e di profilazione<br><span style=\"text-decoration: underline;\">Google analytics:<\/span> https:\/\/www.google.it\/intl\/it\/analytics: utilizza cookie analytics al fine di valutare la performance del sito e il traffico effettuato su di esso.<br>Link a privacy policy: https:\/\/support.google.com\/analytics\/answer\/6004245;<br>Link pagina di descrizione cookie installati: https:\/\/developers.google.com\/analytics\/devguides\/collection\/analyticsjs\/cookie-usage;<br>Link a pagina di download allo strumento che permette la disabilitazione della installazione di tali cookie: https:\/\/tools.google.com\/dlpage\/gaoptout;<br>Cookie di profilazione che potrebbero essere utilizzati: _ga, _gid, _gat, _utma, _utmt, _utmb, _utmc, _utmz, _utmv, gac, AMP_TOKEN.<\/p>\n\n\n\n<p>DE-SELEZIONE COOKIE DI TERZE PARTI<\/p>\n\n\n\n<p>ATTENZIONE: disabilitando i cookie tecnici e\/o di funzionalit\u00e0 il sito potrebbe risultare non consultabile o alcuni servizi o determinate funzioni del sito potrebbero risultare non disponibili o non funzionare correttamente e potresti essere costretto a modificare o a inserire manualmente alcune informazioni o preferenze ogni volta che visiter\u00e0 il sito. I cookie di terze parti, cio\u00e8 cookie di siti o di web server diversi da quello di Eugenio Campo Srl SB, sono utilizzati per finalit\u00e0 proprie di dette parti terze. Si precisa che tali soggetti terzi, di seguito elencati con i relativi collegamenti alle politiche sulla privacy, sono tipicamente autonomi titolari del trattamento dei dati raccolti attraverso i cookie da essi serviti; pertanto, dovr\u00e0 farsi riferimento alle loro politiche di trattamento di dati personali, informative e moduli di consenso. Per quanto concerne le terze parti che inviano cookie tramite il sito, forniamo di seguito i link alle rispettive informative privacy: a tali terze parti demandiamo, come gi\u00e0 precisato, la responsabilit\u00e0 di fornire l&#8217;informativa e raccogliere il suo consenso. Detta responsabilit\u00e0 \u00e8 da riferirsi non solo ai cookie che le terze parti inviano direttamente, ma anche ad eventuali ulteriori cookie che vengono inviati tramite il sito in virt\u00f9 dell&#8217;utilizzo di servizi di cui le terze parti stesse fruiscono. Rispetto a tali cookie infatti, inviati da fornitori di servizi delle citate terze parti, Eugenio Campo Srl SB non ha la possibilit\u00e0 di esercitare alcun controllo e non ne conosce n\u00e9 le caratteristiche n\u00e9 le finalit\u00e0.<br><br>Cliccando sul bottone Rifiuta che compare nel PopUp relativo alla gestione dei cookies del sito, il sistema provvede a settare in anonimo la gestione dei cookies relativi a Google Analytics. Tale opzione non \u00e8 disponibile per il servizio di chat con il quale l&#8217;utente spontaneamente pu\u00f2 scegliere se utilizzare o meno.<br><br>Pu\u00f2 bloccare o cancellare (in tutto o in parte) i cookie tecnici e di funzionalit\u00e0 anche attraverso le specifiche funzioni del suo Browser. Per avere maggiori informazioni su come impostare le preferenze sull&#8217;uso dei cookie attraverso il Browser, \u00e8 possibile consultare le relative istruzioni:<br><a href=\"https:\/\/support.microsoft.com\/it-it\/help\/17442\/windows-internet-explorer-delete-manage-cookies\" target=\"_blank\" rel=\"noreferrer noopener\"><strong>Internet Explorer<\/strong><\/a><br><a href=\"https:\/\/support.mozilla.org\/it\/kb\/Attivare%20e%20disattivare%20i%20cookie\" target=\"_blank\" rel=\"noreferrer noopener\"><strong>Firefox<\/strong><\/a><br><a href=\"https:\/\/support.google.com\/chrome\/answer\/95647?hl=it&amp;topic=14666&amp;ctx=topic\" target=\"_blank\" rel=\"noreferrer noopener\"><strong>Chrome<\/strong><\/a><br><a href=\"https:\/\/support.apple.com\/kb\/PH21411?viewlocale=it_IT&amp;locale=it_IT\" target=\"_blank\" rel=\"noreferrer noopener\"><strong>Safari<\/strong><\/a><br><a href=\"https:\/\/support.apple.com\/it-it\/HT201265\" target=\"_blank\" rel=\"noreferrer noopener\"><strong>Safari (dispositivi mobili)<\/strong><\/a><\/p>\n\n\n\n<p><strong>Eugenio Campo Srl SB<\/strong><br>Via Anzano, 47 &#8211; 31012<br>Cappella Maggiore &#8211; Treviso &#8211; Italia<br>P.IVA 03173400262<br>R.E.A. TV &#8211; 225527<\/p>\n","protected":false},"excerpt":{"rendered":"<p>0. COSA SONO I COOKIE Il sito eugeniocampo.it utilizza i cookie per rendere i propri servizi semplici ed efficienti per l\u2019utenza che ne visiona le pagine. I cookie sono piccoli file di testo che i siti visitati dagli utenti inviano ai loro terminali, dove vengono memorizzati per essere ritrasmessi agli stessi siti in occasione di [&hellip;]<\/p>\n","protected":false},"author":5,"featured_media":0,"parent":0,"menu_order":0,"comment_status":"closed","ping_status":"closed","template":"page-templates\/page-privacy-cookie.php","meta":{"_acf_changed":false,"footnotes":""},"class_list":["post-856","page","type-page","status-publish","hentry"],"acf":[],"yoast_head":"<!-- This site is optimized with the Yoast SEO plugin v26.4 - https:\/\/yoast.com\/wordpress\/plugins\/seo\/ -->\n<title>Cookie Policy - Eugenio Campo<\/title>\n<meta name=\"robots\" content=\"noindex, follow\" \/>\n<meta property=\"og:locale\" content=\"en_US\" \/>\n<meta property=\"og:type\" content=\"article\" \/>\n<meta property=\"og:title\" content=\"Cookie Policy - Eugenio Campo\" \/>\n<meta property=\"og:description\" content=\"0. COSA SONO I COOKIE Il sito eugeniocampo.it utilizza i cookie per rendere i propri servizi semplici ed efficienti per l\u2019utenza che ne visiona le pagine. I cookie sono piccoli file di testo che i siti visitati dagli utenti inviano ai loro terminali, dove vengono memorizzati per essere ritrasmessi agli stessi siti in occasione di [&hellip;]\" \/>\n<meta property=\"og:url\" content=\"https:\/\/eugeniocampo.it\/en\/cookie-policy\/\" \/>\n<meta property=\"og:site_name\" content=\"Eugenio Campo\" \/>\n<meta property=\"article:modified_time\" content=\"2025-09-19T10:50:10+00:00\" \/>\n<meta name=\"twitter:card\" content=\"summary_large_image\" \/>\n<meta name=\"twitter:label1\" content=\"Est. reading time\" \/>\n\t<meta name=\"twitter:data1\" content=\"5 minutes\" \/>\n<script type=\"application\/ld+json\" class=\"yoast-schema-graph\">{\"@context\":\"https:\/\/schema.org\",\"@graph\":[{\"@type\":\"WebPage\",\"@id\":\"https:\/\/eugeniocampo.it\/en\/cookie-policy\/\",\"url\":\"https:\/\/eugeniocampo.it\/en\/cookie-policy\/\",\"name\":\"Cookie Policy - Eugenio Campo\",\"isPartOf\":{\"@id\":\"https:\/\/eugeniocampo.it\/en\/#website\"},\"datePublished\":\"2025-09-08T08:32:25+00:00\",\"dateModified\":\"2025-09-19T10:50:10+00:00\",\"breadcrumb\":{\"@id\":\"https:\/\/eugeniocampo.it\/en\/cookie-policy\/#breadcrumb\"},\"inLanguage\":\"en-US\",\"potentialAction\":[{\"@type\":\"ReadAction\",\"target\":[\"https:\/\/eugeniocampo.it\/en\/cookie-policy\/\"]}]},{\"@type\":\"BreadcrumbList\",\"@id\":\"https:\/\/eugeniocampo.it\/en\/cookie-policy\/#breadcrumb\",\"itemListElement\":[{\"@type\":\"ListItem\",\"position\":1,\"name\":\"Home\",\"item\":\"https:\/\/eugeniocampo.it\/en\/\"},{\"@type\":\"ListItem\",\"position\":2,\"name\":\"Cookie Policy\"}]},{\"@type\":\"WebSite\",\"@id\":\"https:\/\/eugeniocampo.it\/en\/#website\",\"url\":\"https:\/\/eugeniocampo.it\/en\/\",\"name\":\"Eugenio Campo\",\"description\":\"\",\"publisher\":{\"@id\":\"https:\/\/eugeniocampo.it\/en\/#organization\"},\"potentialAction\":[{\"@type\":\"SearchAction\",\"target\":{\"@type\":\"EntryPoint\",\"urlTemplate\":\"https:\/\/eugeniocampo.it\/en\/?s={search_term_string}\"},\"query-input\":{\"@type\":\"PropertyValueSpecification\",\"valueRequired\":true,\"valueName\":\"search_term_string\"}}],\"inLanguage\":\"en-US\"},{\"@type\":\"Organization\",\"@id\":\"https:\/\/eugeniocampo.it\/en\/#organization\",\"name\":\"Eugenio Campo\",\"url\":\"https:\/\/eugeniocampo.it\/en\/\",\"logo\":{\"@type\":\"ImageObject\",\"inLanguage\":\"en-US\",\"@id\":\"https:\/\/eugeniocampo.it\/en\/#\/schema\/logo\/image\/\",\"url\":\"https:\/\/eugenio-campo.ddev.site\/wp-content\/uploads\/2025\/09\/LOGO_EUGENIO-CAMPO_Vettoriale_pieno-con-bordi-black-scaled.jpg\",\"contentUrl\":\"https:\/\/eugenio-campo.ddev.site\/wp-content\/uploads\/2025\/09\/LOGO_EUGENIO-CAMPO_Vettoriale_pieno-con-bordi-black-scaled.jpg\",\"width\":2560,\"height\":1809,\"caption\":\"Eugenio Campo\"},\"image\":{\"@id\":\"https:\/\/eugeniocampo.it\/en\/#\/schema\/logo\/image\/\"}}]}<\/script>\n<!-- \/ Yoast SEO plugin. -->","yoast_head_json":{"title":"Cookie Policy - Eugenio Campo","robots":{"index":"noindex","follow":"follow"},"og_locale":"en_US","og_type":"article","og_title":"Cookie Policy - Eugenio Campo","og_description":"0. COSA SONO I COOKIE Il sito eugeniocampo.it utilizza i cookie per rendere i propri servizi semplici ed efficienti per l\u2019utenza che ne visiona le pagine. I cookie sono piccoli file di testo che i siti visitati dagli utenti inviano ai loro terminali, dove vengono memorizzati per essere ritrasmessi agli stessi siti in occasione di [&hellip;]","og_url":"https:\/\/eugeniocampo.it\/en\/cookie-policy\/","og_site_name":"Eugenio Campo","article_modified_time":"2025-09-19T10:50:10+00:00","twitter_card":"summary_large_image","twitter_misc":{"Est. reading time":"5 minutes"},"schema":{"@context":"https:\/\/schema.org","@graph":[{"@type":"WebPage","@id":"https:\/\/eugeniocampo.it\/en\/cookie-policy\/","url":"https:\/\/eugeniocampo.it\/en\/cookie-policy\/","name":"Cookie Policy - Eugenio Campo","isPartOf":{"@id":"https:\/\/eugeniocampo.it\/en\/#website"},"datePublished":"2025-09-08T08:32:25+00:00","dateModified":"2025-09-19T10:50:10+00:00","breadcrumb":{"@id":"https:\/\/eugeniocampo.it\/en\/cookie-policy\/#breadcrumb"},"inLanguage":"en-US","potentialAction":[{"@type":"ReadAction","target":["https:\/\/eugeniocampo.it\/en\/cookie-policy\/"]}]},{"@type":"BreadcrumbList","@id":"https:\/\/eugeniocampo.it\/en\/cookie-policy\/#breadcrumb","itemListElement":[{"@type":"ListItem","position":1,"name":"Home","item":"https:\/\/eugeniocampo.it\/en\/"},{"@type":"ListItem","position":2,"name":"Cookie Policy"}]},{"@type":"WebSite","@id":"https:\/\/eugeniocampo.it\/en\/#website","url":"https:\/\/eugeniocampo.it\/en\/","name":"Eugenio Campo","description":"","publisher":{"@id":"https:\/\/eugeniocampo.it\/en\/#organization"},"potentialAction":[{"@type":"SearchAction","target":{"@type":"EntryPoint","urlTemplate":"https:\/\/eugeniocampo.it\/en\/?s={search_term_string}"},"query-input":{"@type":"PropertyValueSpecification","valueRequired":true,"valueName":"search_term_string"}}],"inLanguage":"en-US"},{"@type":"Organization","@id":"https:\/\/eugeniocampo.it\/en\/#organization","name":"Eugenio Campo","url":"https:\/\/eugeniocampo.it\/en\/","logo":{"@type":"ImageObject","inLanguage":"en-US","@id":"https:\/\/eugeniocampo.it\/en\/#\/schema\/logo\/image\/","url":"https:\/\/eugenio-campo.ddev.site\/wp-content\/uploads\/2025\/09\/LOGO_EUGENIO-CAMPO_Vettoriale_pieno-con-bordi-black-scaled.jpg","contentUrl":"https:\/\/eugenio-campo.ddev.site\/wp-content\/uploads\/2025\/09\/LOGO_EUGENIO-CAMPO_Vettoriale_pieno-con-bordi-black-scaled.jpg","width":2560,"height":1809,"caption":"Eugenio Campo"},"image":{"@id":"https:\/\/eugeniocampo.it\/en\/#\/schema\/logo\/image\/"}}]}},"_links":{"self":[{"href":"https:\/\/eugeniocampo.it\/en\/wp-json\/wp\/v2\/pages\/856","targetHints":{"allow":["GET"]}}],"collection":[{"href":"https:\/\/eugeniocampo.it\/en\/wp-json\/wp\/v2\/pages"}],"about":[{"href":"https:\/\/eugeniocampo.it\/en\/wp-json\/wp\/v2\/types\/page"}],"author":[{"embeddable":true,"href":"https:\/\/eugeniocampo.it\/en\/wp-json\/wp\/v2\/users\/5"}],"replies":[{"embeddable":true,"href":"https:\/\/eugeniocampo.it\/en\/wp-json\/wp\/v2\/comments?post=856"}],"version-history":[{"count":1,"href":"https:\/\/eugeniocampo.it\/en\/wp-json\/wp\/v2\/pages\/856\/revisions"}],"predecessor-version":[{"id":857,"href":"https:\/\/eugeniocampo.it\/en\/wp-json\/wp\/v2\/pages\/856\/revisions\/857"}],"wp:attachment":[{"href":"https:\/\/eugeniocampo.it\/en\/wp-json\/wp\/v2\/media?parent=856"}],"curies":[{"name":"wp","href":"https:\/\/api.w.org\/{rel}","templated":true}]}}